{"id":14,"date":"2024-03-05T08:22:14","date_gmt":"2024-03-05T08:22:14","guid":{"rendered":"https:\/\/wp.ditsolution.net\/cleeny\/?page_id=14"},"modified":"2025-03-21T19:15:53","modified_gmt":"2025-03-21T19:15:53","slug":"hakkimizda","status":"publish","type":"page","link":"https:\/\/yamanlaralanya.com\/index.php\/hakkimizda\/","title":{"rendered":"Hakk\u0131m\u0131zda"},"content":{"rendered":"\t\t<div data-elementor-type=\"wp-page\" data-elementor-id=\"14\" class=\"elementor elementor-14\">\n\t\t\t\t\t\t<section class=\"elementor-section elementor-top-section elementor-element elementor-element-7e58a59 elementor-section-boxed elementor-section-height-default elementor-section-height-default\" data-id=\"7e58a59\" data-element_type=\"section\" data-settings=\"{&quot;background_background&quot;:&quot;classic&quot;}\">\n\t\t\t\t\t\t<div class=\"elementor-container elementor-column-gap-default\">\n\t\t\t\t\t<div class=\"elementor-column elementor-col-100 elementor-top-column elementor-element elementor-element-3ea2201\" data-id=\"3ea2201\" data-element_type=\"column\">\n\t\t\t<div class=\"elementor-widget-wrap elementor-element-populated\">\n\t\t\t\t\t\t<section class=\"elementor-section elementor-inner-section elementor-element elementor-element-a7166dd elementor-section-boxed elementor-section-height-default elementor-section-height-default\" data-id=\"a7166dd\" data-element_type=\"section\">\n\t\t\t\t\t\t<div class=\"elementor-container elementor-column-gap-default\">\n\t\t\t\t\t<div class=\"elementor-column elementor-col-50 elementor-inner-column elementor-element elementor-element-b8940d5\" data-id=\"b8940d5\" data-element_type=\"column\">\n\t\t\t<div class=\"elementor-widget-wrap elementor-element-populated\">\n\t\t\t\t\t\t<div class=\"elementor-element elementor-element-0d4f9a2 elementor-widget elementor-widget-videobox\" data-id=\"0d4f9a2\" data-element_type=\"widget\" data-widget_type=\"videobox.default\">\n\t\t\t\t<div class=\"elementor-widget-container\">\n\t\t\t\t\t\r\n\t\t\t\r\n\t\t\t<div id=\"parallax-video\" class=\"single-video style-one\">\r\n\t\t\t\t\t\t\t\r\n\t\t\t\t<div class=\"choose-video-icon\">\t\r\n\t\t\t\t\t<div class=\"video-icon\">\r\n\t\t\t\t\t\t\t\t\t\t\t\t<a class=\"video-vemo-icon venobox vbox-item\" data-vbtype=\"youtube\" data-autoplay=\"true\" href=\"https:\/\/youtu.be\/_X5egbPNMrs\"><i aria-hidden=\"true\" class=\"flaticon flaticon-play-button-2\"><\/i><\/a>\r\n\t\t\t\t\t\t\t\t\t\t\t\t\t\t\t\t\t\t<a class=\"video-vemo-icon venobox vbox-item\" data-vbtype=\"youtube\" data-autoplay=\"true\" href=\"https:\/\/vimeo.com\/1067944387\/052b0e71f4?share=copy\"><\/a>\r\n\t\t\t\t\t\t\t\t\t\t\t\t\r\n\t\t\t\t\t<\/div>\r\n\t\t\t\t<\/div>\r\n\t\t\t<\/div>\r\n\r\n\t\t\t\t\r\n\r\n\t\t\t\t\t\t<\/div>\n\t\t\t\t<\/div>\n\t\t\t\t<div class=\"elementor-element elementor-element-03f6856 elementor-widget elementor-widget-image\" data-id=\"03f6856\" data-element_type=\"widget\" data-widget_type=\"image.default\">\n\t\t\t\t<div class=\"elementor-widget-container\">\n\t\t\t\t\t\t\t\t\t\t\t\t\t\t\t<img fetchpriority=\"high\" decoding=\"async\" width=\"609\" height=\"614\" src=\"https:\/\/yamanlaralanya.com\/wp-content\/uploads\/2025\/03\/hakkimizda.png\" class=\"attachment-large size-large wp-image-2216\" alt=\"\" srcset=\"https:\/\/yamanlaralanya.com\/wp-content\/uploads\/2025\/03\/hakkimizda.png 609w, https:\/\/yamanlaralanya.com\/wp-content\/uploads\/2025\/03\/hakkimizda-298x300.png 298w, https:\/\/yamanlaralanya.com\/wp-content\/uploads\/2025\/03\/hakkimizda-150x150.png 150w, https:\/\/yamanlaralanya.com\/wp-content\/uploads\/2025\/03\/hakkimizda-106x106.png 106w, https:\/\/yamanlaralanya.com\/wp-content\/uploads\/2025\/03\/hakkimizda-80x80.png 80w\" sizes=\"(max-width: 609px) 100vw, 609px\" \/>\t\t\t\t\t\t\t\t\t\t\t\t\t\t\t<\/div>\n\t\t\t\t<\/div>\n\t\t\t\t\t<\/div>\n\t\t<\/div>\n\t\t\t\t<div class=\"elementor-column elementor-col-50 elementor-inner-column elementor-element elementor-element-38f8306\" data-id=\"38f8306\" data-element_type=\"column\">\n\t\t\t<div class=\"elementor-widget-wrap elementor-element-populated\">\n\t\t\t\t\t\t<div class=\"elementor-element elementor-element-0876ac6 about-title-shape elementor-widget elementor-widget-section-title\" data-id=\"0876ac6\" data-element_type=\"widget\" data-widget_type=\"section-title.default\">\n\t\t\t\t<div class=\"elementor-widget-container\">\n\t\t\t\t\t\r\n\t\t\r\n\t\t\t<div class=\"section-title style1\">\r\n\t\t\t\t<div class=\"section-title \">\r\n\t\t\t\t\t \r\n\t\t\t\t\t\t<h5 class=\"subtitle\">YAMANLAR ALANYA OTO EKSPERT\u0130Z<\/h5>\r\n\t\t\t\t\t\t\t\t\t\t\r\n\t\t\t\t\t \r\n\t\t\t\t\t\t<h3 class=\"title\">Detayl\u0131 Oto Ekspertiz Yamanlar Alanya'da<\/h3>\r\n\t\t\t\t\t\t\t\t\t\t\r\n\t\t\t\t\t<div class=\"highylight_text\">\r\n\t\t\t\t    \t\t\t\t\t\t\r\n\t\t\t\t\t   \r\n\t\t\t\t\t<\/div>\r\n\t\t\t\t\t \r\n\t\t\t\t\t\t<p class=\"description\">Ferdi G\u00f6k\u00e7e Tecr\u00fcbesi ve G\u00fcvencesiyle Detayl\u0131 Oto Ekspertiz Yamanlar Alanya'da... Fiziki Airbag Kontrol\u00fc ve OBD Beyin Kilometre Kontrol\u00fcn\u00fcz\u00fc mutlaka yapt\u0131rmal\u0131s\u0131n\u0131z.<\/p>\r\n\t\t\t\t\t\t\t\t\t<\/div>\r\n\t\t\t<\/div>\r\n\r\n\t\t\r\n\t\t\t\t\t\t<\/div>\n\t\t\t\t<\/div>\n\t\t\t\t<section class=\"elementor-section elementor-inner-section elementor-element elementor-element-7ff5ee9 elementor-section-boxed elementor-section-height-default elementor-section-height-default\" data-id=\"7ff5ee9\" data-element_type=\"section\">\n\t\t\t\t\t\t<div class=\"elementor-container elementor-column-gap-no\">\n\t\t\t\t\t<div class=\"elementor-column elementor-col-50 elementor-inner-column elementor-element elementor-element-dae5e35\" data-id=\"dae5e35\" data-element_type=\"column\">\n\t\t\t<div class=\"elementor-widget-wrap elementor-element-populated\">\n\t\t\t\t\t\t<div class=\"elementor-element elementor-element-2ee60d1 elementor-icon-list--layout-traditional elementor-list-item-link-full_width elementor-widget elementor-widget-icon-list\" data-id=\"2ee60d1\" data-element_type=\"widget\" data-widget_type=\"icon-list.default\">\n\t\t\t\t<div class=\"elementor-widget-container\">\n\t\t\t\t\t\t\t<ul class=\"elementor-icon-list-items\">\n\t\t\t\t\t\t\t<li class=\"elementor-icon-list-item\">\n\t\t\t\t\t\t\t\t\t\t\t<span class=\"elementor-icon-list-icon\">\n\t\t\t\t\t\t\t<svg aria-hidden=\"true\" class=\"e-font-icon-svg e-fas-check-circle\" viewBox=\"0 0 512 512\" xmlns=\"http:\/\/www.w3.org\/2000\/svg\"><path d=\"M504 256c0 136.967-111.033 248-248 248S8 392.967 8 256 119.033 8 256 8s248 111.033 248 248zM227.314 387.314l184-184c6.248-6.248 6.248-16.379 0-22.627l-22.627-22.627c-6.248-6.249-16.379-6.249-22.628 0L216 308.118l-70.059-70.059c-6.248-6.248-16.379-6.248-22.628 0l-22.627 22.627c-6.248 6.248-6.248 16.379 0 22.627l104 104c6.249 6.249 16.379 6.249 22.628.001z\"><\/path><\/svg>\t\t\t\t\t\t<\/span>\n\t\t\t\t\t\t\t\t\t\t<span class=\"elementor-icon-list-text\">Ba\u011f\u0131ms\u0131z Oto Ekspertiz<\/span>\n\t\t\t\t\t\t\t\t\t<\/li>\n\t\t\t\t\t\t\t\t<li class=\"elementor-icon-list-item\">\n\t\t\t\t\t\t\t\t\t\t\t<span class=\"elementor-icon-list-icon\">\n\t\t\t\t\t\t\t<svg aria-hidden=\"true\" class=\"e-font-icon-svg e-fas-check-circle\" viewBox=\"0 0 512 512\" xmlns=\"http:\/\/www.w3.org\/2000\/svg\"><path d=\"M504 256c0 136.967-111.033 248-248 248S8 392.967 8 256 119.033 8 256 8s248 111.033 248 248zM227.314 387.314l184-184c6.248-6.248 6.248-16.379 0-22.627l-22.627-22.627c-6.248-6.249-16.379-6.249-22.628 0L216 308.118l-70.059-70.059c-6.248-6.248-16.379-6.248-22.628 0l-22.627 22.627c-6.248 6.248-6.248 16.379 0 22.627l104 104c6.249 6.249 16.379 6.249 22.628.001z\"><\/path><\/svg>\t\t\t\t\t\t<\/span>\n\t\t\t\t\t\t\t\t\t\t<span class=\"elementor-icon-list-text\">Kurumsal Oto Ekspertiz<\/span>\n\t\t\t\t\t\t\t\t\t<\/li>\n\t\t\t\t\t\t\t\t<li class=\"elementor-icon-list-item\">\n\t\t\t\t\t\t\t\t\t\t\t<span class=\"elementor-icon-list-icon\">\n\t\t\t\t\t\t\t<svg aria-hidden=\"true\" class=\"e-font-icon-svg e-fas-check-circle\" viewBox=\"0 0 512 512\" xmlns=\"http:\/\/www.w3.org\/2000\/svg\"><path d=\"M504 256c0 136.967-111.033 248-248 248S8 392.967 8 256 119.033 8 256 8s248 111.033 248 248zM227.314 387.314l184-184c6.248-6.248 6.248-16.379 0-22.627l-22.627-22.627c-6.248-6.249-16.379-6.249-22.628 0L216 308.118l-70.059-70.059c-6.248-6.248-16.379-6.248-22.628 0l-22.627 22.627c-6.248 6.248-6.248 16.379 0 22.627l104 104c6.249 6.249 16.379 6.249 22.628.001z\"><\/path><\/svg>\t\t\t\t\t\t<\/span>\n\t\t\t\t\t\t\t\t\t\t<span class=\"elementor-icon-list-text\">Detayl\u0131 Oto Ekspertiz<\/span>\n\t\t\t\t\t\t\t\t\t<\/li>\n\t\t\t\t\t\t<\/ul>\n\t\t\t\t\t\t<\/div>\n\t\t\t\t<\/div>\n\t\t\t\t<div class=\"elementor-element elementor-element-e4778c2 elementor-widget elementor-widget-dit-button\" data-id=\"e4778c2\" data-element_type=\"widget\" data-widget_type=\"dit-button.default\">\n\t\t\t\t<div class=\"elementor-widget-container\">\n\t\t\t\t\t\r\n\t\t\r\n\t\t\t<div class=\"dreamit-button style1\">\r\n\t\t\t\t<a class=\"button\" href=\"\">\r\n\t\t\t\t\tDaha Fazla Bilgi Al\u0131n\t\t\t\t\t<i aria-hidden=\"true\" class=\"flaticon flaticon-right-arrow\"><\/i>\t\t\t\t<\/a>\r\n\t\t\t<\/div>\r\n\r\n\t\t\r\n\t\t\t\t\t<\/div>\n\t\t\t\t<\/div>\n\t\t\t\t\t<\/div>\n\t\t<\/div>\n\t\t\t\t<div class=\"elementor-column elementor-col-50 elementor-inner-column elementor-element elementor-element-f3fd8e7\" data-id=\"f3fd8e7\" data-element_type=\"column\">\n\t\t\t<div class=\"elementor-widget-wrap elementor-element-populated\">\n\t\t\t\t\t\t<div class=\"elementor-element elementor-element-75eca0c elementor-widget elementor-widget-dreamit-counter\" data-id=\"75eca0c\" data-element_type=\"widget\" data-widget_type=\"dreamit-counter.default\">\n\t\t\t\t<div class=\"elementor-widget-container\">\n\t\t\t\t\t\t\t\r\n\t\t\t<div class=\"single-counter style_two\">\r\n\t\t\t\t<div class=\"icon\">\t\t\t\r\n\t\t\t\t\t\t\t\t\t\t\t<img decoding=\"async\" src=\"https:\/\/wp.ditsolution.net\/cleeny\/wp-content\/uploads\/2024\/03\/counter-icon.png\" alt=\"cleeny\">\r\n\t\t\t\t\t\t\t\t\t<\/div>\r\n\t\t\t\t\t\r\n\t\t\t\t<div class=\"counter-content counter\">\r\n\t\t\t\t\t<span class=\"count percent\" data-count=\"12\">0<\/span>\r\n\t\t\t\t\t<span class=\"suffix\">+<\/span>\r\n\t\t\t\t\t<h6>Ekspertiz Tecr\u00fcbesi<\/h6>\r\n\t\t\t\t<\/div>\r\n\r\n\t\t\t<\/div>\r\n\r\n\t\t\t<script>\r\n\r\n\t\t\t\tjQuery(document).ready(function($) {\r\n\t\t\t\t\t\"use strict\";\r\n\r\n\t\t\t\t\tvar counted = 0;\r\n\t\t\t\t\t$(window).scroll(function() {\r\n\r\n\t\t\t\t\t\tvar oTop = $('.counter').offset().top - window.innerHeight;\r\n\t\t\t\t\t\tif (counted == 0 && $(window).scrollTop() > oTop) {\r\n\t\t\t\t\t\t\t$('.count').each(function() {\r\n\t\t\t\t\t\t\t\tvar $this = $(this),\r\n\t\t\t\t\t\t\t\tcountTo = $this.attr('data-count');\r\n\t\t\t\t\t\t\t\t$({\r\n\t\t\t\t\t\t\t\t\tcountNum: $this.text()\r\n\t\t\t\t\t\t\t\t}).animate({\r\n\t\t\t\t\t\t\t\t\tcountNum: countTo\r\n\t\t\t\t\t\t\t\t},\r\n\r\n\t\t\t\t\t\t\t\t{\r\n\r\n\t\t\t\t\t\t\t\t\tduration: 2000,\r\n\t\t\t\t\t\t\t\t\teasing: 'swing',\r\n\t\t\t\t\t\t\t\t\tstep: function() {\r\n\t\t\t\t\t\t\t\t\t\t$this.text(Math.floor(this.countNum));\r\n\t\t\t\t\t\t\t\t\t},\r\n\t\t\t\t\t\t\t\t\tcomplete: function() {\r\n\t\t\t\t\t\t\t\t\t\t$this.text(this.countNum);\r\n\t\t\t\t\t\t\t\t\t}\r\n\r\n\t\t\t\t\t\t\t\t});\r\n\t\t\t\t\t\t\t});\r\n\t\t\t\t\t\t\tcounted = 1;\r\n\t\t\t\t\t\t}\r\n\r\n\t\t\t\t\t});\r\n\t\t\t\t});\r\n\r\n\t\t\t<\/script>\r\n\t\t\t\t\t\t\t\t<\/div>\n\t\t\t\t<\/div>\n\t\t\t\t\t<\/div>\n\t\t<\/div>\n\t\t\t\t\t<\/div>\n\t\t<\/section>\n\t\t\t\t\t<\/div>\n\t\t<\/div>\n\t\t\t\t\t<\/div>\n\t\t<\/section>\n\t\t\t\t\t<\/div>\n\t\t<\/div>\n\t\t\t\t\t<\/div>\n\t\t<\/section>\n\t\t\t\t<section class=\"elementor-section elementor-top-section elementor-element elementor-element-a8d5440 elementor-section-boxed elementor-section-height-default elementor-section-height-default\" data-id=\"a8d5440\" data-element_type=\"section\" data-settings=\"{&quot;background_background&quot;:&quot;classic&quot;}\">\n\t\t\t\t\t\t<div class=\"elementor-container elementor-column-gap-default\">\n\t\t\t\t\t<div class=\"elementor-column elementor-col-100 elementor-top-column elementor-element elementor-element-a62f816\" data-id=\"a62f816\" data-element_type=\"column\">\n\t\t\t<div class=\"elementor-widget-wrap elementor-element-populated\">\n\t\t\t\t\t\t<div class=\"elementor-element elementor-element-ba71145 elementor-widget elementor-widget-section-title\" data-id=\"ba71145\" data-element_type=\"widget\" data-widget_type=\"section-title.default\">\n\t\t\t\t<div class=\"elementor-widget-container\">\n\t\t\t\t\t\r\n\t\t\r\n\t\t\t<div class=\"section-title style1\">\r\n\t\t\t\t<div class=\"section-title center\">\r\n\t\t\t\t\t \r\n\t\t\t\t\t\t<h5 class=\"subtitle\">M\u00dc\u015eTER\u0130 YORUMLARI<\/h5>\r\n\t\t\t\t\t\t\t\t\t\t\r\n\t\t\t\t\t \r\n\t\t\t\t\t\t<h3 class=\"title\">Ekspertiz Yapt\u0131ran M\u00fc\u015fterilerimiz Ne Diyor?<\/h3>\r\n\t\t\t\t\t\t\t\t\t\t\r\n\t\t\t\t\t<div class=\"highylight_text\">\r\n\t\t\t\t    \t\t\t\t\t\t\r\n\t\t\t\t\t   \r\n\t\t\t\t\t<\/div>\r\n\t\t\t\t\t\t\t\t\t<\/div>\r\n\t\t\t<\/div>\r\n\r\n\t\t\r\n\t\t\t\t\t\t<\/div>\n\t\t\t\t<\/div>\n\t\t\t\t<div class=\"elementor-element elementor-element-a3777d7 elementor-widget elementor-widget-testimonial\" data-id=\"a3777d7\" data-element_type=\"widget\" data-widget_type=\"testimonial.default\">\n\t\t\t\t<div class=\"elementor-widget-container\">\n\t\t\t\t\t\t\t\n\t\t\n\t\t\t<div class=\"testimonial style1\">\n\t\t\t\t<div class=\"testimonial-carousel owl-carousel\">\n\t\t\t\t\t\t\t\t\t\t<div class=\"testimonial-item\">\n\t\t\t\t\t\t<div class=\"author\">\n\t\t\t\t\t\t\t<div class=\"author-img\">\n\t\t\t\t\t\t\t\t<img decoding=\"async\" src=\"https:\/\/wp.ditsolution.net\/cleeny\/wp-content\/uploads\/2024\/04\/testi-thumb.png\" alt=\"cleeny\">\n\t\t\t\t\t\t\t<\/div>\n\t\t\t\t\t\t\t<div class=\"author-content\">\n\t\t\t\t\t\t\t\t<div class=\"reviews_rating\">\n\t\t\t\t\t\t\t\t\t\t\t\t\t\t\t\t\t\t\t<div class=\"testi-star\">\n\t\t\t\t\t\t\t\t\t\t\t<i class=\"fa fa-star active\"><\/i>\n\t\t\t\t\t\t\t\t\t\t\t<i class=\"fa fa-star active\"><\/i>\n\t\t\t\t\t\t\t\t\t\t\t<i class=\"fa fa-star active\"><\/i>\n\t\t\t\t\t\t\t\t\t\t\t<i class=\"fa fa-star active\"><\/i>\n\t\t\t\t\t\t\t\t\t\t\t<i class=\"fa fa-star active\"><\/i>\n\t\t\t\t\t\t\t\t\t\t<\/div>\n\t\t\t\t\t\t\t\t\t\n\t\t\t\t\t\t\t\t\t\n\t\t\t\t\t\t\t\t\t\n\t\t\t\t\t\t\t\t\t\n\t\t\t\t\t\t\t\t\t\t\t\t\t\t\t\t\t<\/div>\n\t\t\t\t\t\t\t\t<div class=\"bio\">\n\t\t\t\t\t\t\t\t\t<h4 class=\"name\">Aydan Ko\u00e7severo\u011flu<\/h4>\n\t\t\t\t\t\t\t\t\t<h5 class=\"designation\">Filo Y\u00f6neticisi<\/h5>\n\t\t\t\t\t\t\t\t<\/div>\n\t\t\t\t\t\t\t\t\n\t\t\t\t\t\t\t<\/div>\n\t\t\t\t\t\t\t<div class=\"quote_image\">\n\t\t\t\t\t\t\t\t<img decoding=\"async\" src=\"https:\/\/wp.ditsolution.net\/cleeny\/wp-content\/uploads\/2024\/04\/testi-icon.png\" alt=\"cleeny\">\n\t\t\t\t\t\t\t<\/div>\n\t\t\t\t\t\t<\/div>\n\n\t\t\t\t\t\t<h3 class=\"title\">Kaliteli Hizmet<\/h3>\n\n\t\t\t\t\t\t<p class=\"quote\">Yamanlar Oto Ekspertiz Alanya \u015eubesi'ne te\u015fekk\u00fcr\u00fc bir bor\u00e7 bilirim. Filomuza ait ara\u00e7lar\u0131n al\u0131m ve sat\u0131m\u0131nda yapt\u0131klar\u0131 ekspertizden son derece memnun kald\u0131k.<\/p>\n\t\t\t\t\t\t\n\t\t\t\t\t<\/div>\n\t\t\t\t\t\t\t\t\t\t<div class=\"testimonial-item\">\n\t\t\t\t\t\t<div class=\"author\">\n\t\t\t\t\t\t\t<div class=\"author-img\">\n\t\t\t\t\t\t\t\t<img decoding=\"async\" src=\"https:\/\/wp.ditsolution.net\/cleeny\/wp-content\/uploads\/2024\/04\/testi-thumb-2.png\" alt=\"cleeny\">\n\t\t\t\t\t\t\t<\/div>\n\t\t\t\t\t\t\t<div class=\"author-content\">\n\t\t\t\t\t\t\t\t<div class=\"reviews_rating\">\n\t\t\t\t\t\t\t\t\t\t\t\t\t\t\t\t\t\t\t<div class=\"testi-star\">\n\t\t\t\t\t\t\t\t\t\t\t<i class=\"fa fa-star active\"><\/i>\n\t\t\t\t\t\t\t\t\t\t\t<i class=\"fa fa-star active\"><\/i>\n\t\t\t\t\t\t\t\t\t\t\t<i class=\"fa fa-star active\"><\/i>\n\t\t\t\t\t\t\t\t\t\t\t<i class=\"fa fa-star active\"><\/i>\n\t\t\t\t\t\t\t\t\t\t\t<i class=\"fa fa-star active\"><\/i>\n\t\t\t\t\t\t\t\t\t\t<\/div>\n\t\t\t\t\t\t\t\t\t\n\t\t\t\t\t\t\t\t\t\n\t\t\t\t\t\t\t\t\t\n\t\t\t\t\t\t\t\t\t\n\t\t\t\t\t\t\t\t\t\t\t\t\t\t\t\t\t<\/div>\n\t\t\t\t\t\t\t\t<div class=\"bio\">\n\t\t\t\t\t\t\t\t\t<h4 class=\"name\">Berke Tan Niyazl\u0131k<\/h4>\n\t\t\t\t\t\t\t\t\t<h5 class=\"designation\">2.El Ara\u00e7 Al\u0131c\u0131s\u0131<\/h5>\n\t\t\t\t\t\t\t\t<\/div>\n\t\t\t\t\t\t\t\t\n\t\t\t\t\t\t\t<\/div>\n\t\t\t\t\t\t\t<div class=\"quote_image\">\n\t\t\t\t\t\t\t\t<img decoding=\"async\" src=\"https:\/\/wp.ditsolution.net\/cleeny\/wp-content\/uploads\/2024\/04\/testi-icon.png\" alt=\"cleeny\">\n\t\t\t\t\t\t\t<\/div>\n\t\t\t\t\t\t<\/div>\n\n\t\t\t\t\t\t<h3 class=\"title\">G\u00fcler Y\u00fczl\u00fc Hizmet<\/h3>\n\n\t\t\t\t\t\t<p class=\"quote\">2. El Be\u011fendi\u011fim ara\u00e7 ile ilgili akl\u0131ma tak\u0131lan her \u015feye bakt\u0131lar ve t\u00fcm sorular\u0131ma b\u00fcy\u00fck bir titizlikle ve g\u00fcler y\u00fczle cevap verdiler. Te\u015fekk\u00fcr ederim.<\/p>\n\t\t\t\t\t\t\n\t\t\t\t\t<\/div>\n\t\t\t\t\t\t\t\t\t<\/div>\n\t\t\t<\/div>\n\n\t\t\t<script>\n\t\t\t\t\n\t\t\t\tjQuery(document).ready(function($) {\n\t\t\t\t\t\"use strict\";\n\t\t\t\t\t$('.testimonial-carousel').owlCarousel({\n\t\t\t\t\t\tloop: true,\n\t\t\t\t\t\tautoplay: false,\n\t\t\t\t\t\tautoplayTimeout: 10000,\n\t\t\t\t\t\tmargin: 30,\n\t\t\t\t\t\tdots: true,\n\t\t\t\t\t\tnav: false,\n\t\t\t\t\t\titems: 6,\n\t\t\t\t\t\tnavText: [\"<i class='flaticon-back-1'><\/i>\", \"<i class='fa fa-angle-right'><\/i>\"],\n\t\t\t\t\t\tresponsive: {\n\t\t\t\t\t\t\t0: {\n\t\t\t\t\t\t\t\titems: 1\n\t\t\t\t\t\t\t},\n\t\t\t\t\t\t\t768: {\n\t\t\t\t\t\t\t\titems: 1\n\t\t\t\t\t\t\t},\n\t\t\t\t\t\t\t992: {\n\t\t\t\t\t\t\t\titems: 2\n\t\t\t\t\t\t\t},\n\t\t\t\t\t\t\t1365: {\n\t\t\t\t\t\t\t\titems: 2\n\t\t\t\t\t\t\t},\n\t\t\t\t\t\t\t1600: {\n\t\t\t\t\t\t\t\titems: 2\n\t\t\t\t\t\t\t},\n\t\t\t\t\t\t\t1920: {\n\t\t\t\t\t\t\t\titems: 2\n\t\t\t\t\t\t\t}\n\t\t\t\t\t\t}\n\t\t\t\t\t})\n\t\t\t\t});\n\n\t\t\t<\/script>\n\n\t\t\n\t\t\t\t\t\t<\/div>\n\t\t\t\t<\/div>\n\t\t\t\t\t<\/div>\n\t\t<\/div>\n\t\t\t\t\t<\/div>\n\t\t<\/section>\n\t\t\t\t<\/div>\n\t\t","protected":false},"excerpt":{"rendered":"<p>YAMANLAR ALANYA OTO EKSPERT\u0130Z Detayl\u0131 Oto Ekspertiz Yamanlar Alanya&#8217;da Ferdi G\u00f6k\u00e7e Tecr\u00fcbesi ve G\u00fcvencesiyle Detayl\u0131 Oto Ekspertiz Yamanlar Alanya&#8217;da&#8230; Fiziki Airbag Kontrol\u00fc ve OBD Beyin Kilometre Kontrol\u00fcn\u00fcz\u00fc mutlaka yapt\u0131rmal\u0131s\u0131n\u0131z. Ba\u011f\u0131ms\u0131z Oto Ekspertiz Kurumsal Oto Ekspertiz Detayl\u0131 Oto Ekspertiz Daha Fazla Bilgi Al\u0131n 0 + Ekspertiz Tecr\u00fcbesi M\u00dc\u015eTER\u0130 YORUMLARI Ekspertiz Yapt\u0131ran M\u00fc\u015fterilerimiz Ne Diyor? Aydan Ko\u00e7severo\u011flu [&hellip;]<\/p>\n","protected":false},"author":1,"featured_media":0,"parent":0,"menu_order":0,"comment_status":"closed","ping_status":"closed","template":"page-templates\/template-default.php","meta":{"_monsterinsights_skip_tracking":false,"_monsterinsights_sitenote_active":false,"_monsterinsights_sitenote_note":"","_monsterinsights_sitenote_category":0,"footnotes":""},"class_list":["post-14","page","type-page","status-publish","hentry"],"aioseo_notices":[],"_links":{"self":[{"href":"https:\/\/yamanlaralanya.com\/index.php\/wp-json\/wp\/v2\/pages\/14","targetHints":{"allow":["GET"]}}],"collection":[{"href":"https:\/\/yamanlaralanya.com\/index.php\/wp-json\/wp\/v2\/pages"}],"about":[{"href":"https:\/\/yamanlaralanya.com\/index.php\/wp-json\/wp\/v2\/types\/page"}],"author":[{"embeddable":true,"href":"https:\/\/yamanlaralanya.com\/index.php\/wp-json\/wp\/v2\/users\/1"}],"replies":[{"embeddable":true,"href":"https:\/\/yamanlaralanya.com\/index.php\/wp-json\/wp\/v2\/comments?post=14"}],"version-history":[{"count":5,"href":"https:\/\/yamanlaralanya.com\/index.php\/wp-json\/wp\/v2\/pages\/14\/revisions"}],"predecessor-version":[{"id":2274,"href":"https:\/\/yamanlaralanya.com\/index.php\/wp-json\/wp\/v2\/pages\/14\/revisions\/2274"}],"wp:attachment":[{"href":"https:\/\/yamanlaralanya.com\/index.php\/wp-json\/wp\/v2\/media?parent=14"}],"curies":[{"name":"wp","href":"https:\/\/api.w.org\/{rel}","templated":true}]}}